{"id":27,"date":"2022-05-04T16:26:59","date_gmt":"2022-05-04T16:26:59","guid":{"rendered":"https:\/\/demosites.royal-elementor-addons.com\/carwash-v1\/?page_id=27"},"modified":"2024-05-02T22:29:54","modified_gmt":"2024-05-02T22:29:54","slug":"contact","status":"publish","type":"page","link":"https:\/\/reparevitre.slmedias.dev\/?page_id=27","title":{"rendered":"Contact"},"content":{"rendered":"\t\t<div data-elementor-type=\"wp-page\" data-elementor-id=\"27\" class=\"elementor elementor-27\">\n\t\t\t\t\t\t<section class=\"elementor-section elementor-top-section elementor-element elementor-element-54d2b45 elementor-section-height-min-height elementor-section-boxed elementor-section-height-default elementor-section-items-middle wpr-particle-no wpr-jarallax-no wpr-parallax-no wpr-sticky-section-no\" data-id=\"54d2b45\" data-element_type=\"section\" data-settings=\"{&quot;background_background&quot;:&quot;classic&quot;}\">\n\t\t\t\t\t\t\t<div class=\"elementor-background-overlay\"><\/div>\n\t\t\t\t\t\t\t<div class=\"elementor-container elementor-column-gap-default\">\n\t\t\t\t\t<div class=\"elementor-column elementor-col-100 elementor-top-column elementor-element elementor-element-6c9722c\" data-id=\"6c9722c\" data-element_type=\"column\">\n\t\t\t<div class=\"elementor-widget-wrap elementor-element-populated\">\n\t\t\t\t\t\t<div class=\"elementor-element elementor-element-1747b25 elementor-widget elementor-widget-heading\" data-id=\"1747b25\" data-element_type=\"widget\" data-widget_type=\"heading.default\">\n\t\t\t\t<div class=\"elementor-widget-container\">\n\t\t\t\t\t<h2 class=\"elementor-heading-title elementor-size-default\">Contact<\/h2>\t\t\t\t<\/div>\n\t\t\t\t<\/div>\n\t\t\t\t\t<\/div>\n\t\t<\/div>\n\t\t\t\t\t<\/div>\n\t\t<\/section>\n\t\t\t\t<section class=\"elementor-section elementor-top-section elementor-element elementor-element-3a99949 elementor-section-boxed elementor-section-height-default elementor-section-height-default wpr-particle-no wpr-jarallax-no wpr-parallax-no wpr-sticky-section-no\" data-id=\"3a99949\" data-element_type=\"section\">\n\t\t\t\t\t\t<div class=\"elementor-container elementor-column-gap-wide\">\n\t\t\t\t\t<div class=\"elementor-column elementor-col-50 elementor-top-column elementor-element elementor-element-5e89a52\" data-id=\"5e89a52\" data-element_type=\"column\">\n\t\t\t<div class=\"elementor-widget-wrap elementor-element-populated\">\n\t\t\t\t\t\t<section class=\"elementor-section elementor-inner-section elementor-element elementor-element-f3e3045 elementor-section-boxed elementor-section-height-default elementor-section-height-default wpr-particle-no wpr-jarallax-no wpr-parallax-no wpr-sticky-section-no\" data-id=\"f3e3045\" data-element_type=\"section\">\n\t\t\t\t\t\t<div class=\"elementor-container elementor-column-gap-default\">\n\t\t\t\t\t<div class=\"elementor-column elementor-col-50 elementor-inner-column elementor-element elementor-element-fdabd6a\" data-id=\"fdabd6a\" data-element_type=\"column\">\n\t\t\t<div class=\"elementor-widget-wrap elementor-element-populated\">\n\t\t\t\t\t\t<div class=\"elementor-element elementor-element-e068bbd elementor-widget-divider--view-line elementor-widget elementor-widget-divider\" data-id=\"e068bbd\" data-element_type=\"widget\" data-widget_type=\"divider.default\">\n\t\t\t\t<div class=\"elementor-widget-container\">\n\t\t\t\t\t\t\t<div class=\"elementor-divider\">\n\t\t\t<span class=\"elementor-divider-separator\">\n\t\t\t\t\t\t<\/span>\n\t\t<\/div>\n\t\t\t\t\t\t<\/div>\n\t\t\t\t<\/div>\n\t\t\t\t\t<\/div>\n\t\t<\/div>\n\t\t\t\t<div class=\"elementor-column elementor-col-50 elementor-inner-column elementor-element elementor-element-c6752db\" data-id=\"c6752db\" data-element_type=\"column\">\n\t\t\t<div class=\"elementor-widget-wrap elementor-element-populated\">\n\t\t\t\t\t\t<div class=\"elementor-element elementor-element-cf9a15d elementor-widget elementor-widget-heading\" data-id=\"cf9a15d\" data-element_type=\"widget\" data-widget_type=\"heading.default\">\n\t\t\t\t<div class=\"elementor-widget-container\">\n\t\t\t\t\t<h2 class=\"elementor-heading-title elementor-size-default\">Nous contacter<\/h2>\t\t\t\t<\/div>\n\t\t\t\t<\/div>\n\t\t\t\t\t<\/div>\n\t\t<\/div>\n\t\t\t\t\t<\/div>\n\t\t<\/section>\n\t\t\t\t<div class=\"elementor-element elementor-element-757f5be elementor-widget elementor-widget-heading\" data-id=\"757f5be\" data-element_type=\"widget\" data-widget_type=\"heading.default\">\n\t\t\t\t<div class=\"elementor-widget-container\">\n\t\t\t\t\t<h2 class=\"elementor-heading-title elementor-size-default\">POUR PLUS D\u2019INFORMATIONS\nCONTACTEZ-MOI!<\/h2>\t\t\t\t<\/div>\n\t\t\t\t<\/div>\n\t\t\t\t<div class=\"elementor-element elementor-element-16e54d3 elementor-widget elementor-widget-text-editor\" data-id=\"16e54d3\" data-element_type=\"widget\" data-widget_type=\"text-editor.default\">\n\t\t\t\t<div class=\"elementor-widget-container\">\n\t\t\t\t\t\t\t\t\t<p>Fort d\u2019un exp\u00e9rience de plus de 45 ann\u00e9es dans le domaine de la vitre d\u2019autos, M. R\u00e9al Daigle s\u2019est donn\u00e9 comme mission de promouvoir la franchise\u00a0<strong>R\u00c9PAREVITRE<\/strong>\u00a0(marque d\u00e9pos\u00e9e qu\u00e9b\u00e9coise de CRACKMASTER Canada) \u00e0 travers la province de Qu\u00e9bec.<br \/><br \/><strong>SA DEVISE:<\/strong>\u00a0r\u00e9parer avant de remplacer.<br \/><br \/><strong>SA PRIORIT\u00c9:<\/strong>\u00a0s\u2019assurer que tous les franchis\u00e9s r\u00e9pondent \u00e0 un tr\u00e8s haut standard de qualit\u00e9.<br \/><br \/>Ciblant des sp\u00e9cialistes dans le march\u00e9 de l\u2019automobile, M. Daigle entend faire de\u00a0<strong>R\u00c9PAREVITRE<\/strong>\u00a0le plus important r\u00e9seau de sp\u00e9cialistes en r\u00e9paration et remplacement de pare-brise au Qu\u00e9bec.<br \/><br \/>Besoin d\u2019informations suppl\u00e9mentaires sur la franchise\u00a0<strong>R\u00c9PAREVITRE<\/strong>? Contactez-moi il me fera plaisir de vous r\u00e9pondre.<\/p>\t\t\t\t\t\t\t\t<\/div>\n\t\t\t\t<\/div>\n\t\t\t\t<section class=\"elementor-section elementor-inner-section elementor-element elementor-element-f94b302 elementor-section-boxed elementor-section-height-default elementor-section-height-default wpr-particle-no wpr-jarallax-no wpr-parallax-no wpr-sticky-section-no\" data-id=\"f94b302\" data-element_type=\"section\">\n\t\t\t\t\t\t<div class=\"elementor-container elementor-column-gap-default\">\n\t\t\t\t\t<div class=\"elementor-column elementor-col-50 elementor-inner-column elementor-element elementor-element-350cce8\" data-id=\"350cce8\" data-element_type=\"column\">\n\t\t\t<div class=\"elementor-widget-wrap elementor-element-populated\">\n\t\t\t\t\t\t<div class=\"elementor-element elementor-element-e0346fa elementor-position-left elementor-view-default elementor-vertical-align-top elementor-widget elementor-widget-icon-box\" data-id=\"e0346fa\" data-element_type=\"widget\" data-widget_type=\"icon-box.default\">\n\t\t\t\t<div class=\"elementor-widget-container\">\n\t\t\t\t\t\t\t<div class=\"elementor-icon-box-wrapper\">\n\n\t\t\t\t\t\t<div class=\"elementor-icon-box-icon\">\n\t\t\t\t<span  class=\"elementor-icon\">\n\t\t\t\t<svg aria-hidden=\"true\" class=\"e-font-icon-svg e-fas-phone-alt\" viewBox=\"0 0 512 512\" xmlns=\"http:\/\/www.w3.org\/2000\/svg\"><path d=\"M497.39 361.8l-112-48a24 24 0 0 0-28 6.9l-49.6 60.6A370.66 370.66 0 0 1 130.6 204.11l60.6-49.6a23.94 23.94 0 0 0 6.9-28l-48-112A24.16 24.16 0 0 0 122.6.61l-104 24A24 24 0 0 0 0 48c0 256.5 207.9 464 464 464a24 24 0 0 0 23.4-18.6l24-104a24.29 24.29 0 0 0-14.01-27.6z\"><\/path><\/svg>\t\t\t\t<\/span>\n\t\t\t<\/div>\n\t\t\t\n\t\t\t\t\t\t<div class=\"elementor-icon-box-content\">\n\n\t\t\t\t\t\t\t\t\t<h3 class=\"elementor-icon-box-title\">\n\t\t\t\t\t\t<span  >\n\t\t\t\t\t\t\tPar t\u00e9l\u00e9phone\t\t\t\t\t\t<\/span>\n\t\t\t\t\t<\/h3>\n\t\t\t\t\n\t\t\t\t\t\t\t\t\t<p class=\"elementor-icon-box-description\">\n\t\t\t\t\t\t(418) 572-6514\n\t\t\t\t\t<\/p>\n\t\t\t\t\n\t\t\t<\/div>\n\t\t\t\n\t\t<\/div>\n\t\t\t\t\t\t<\/div>\n\t\t\t\t<\/div>\n\t\t\t\t\t<\/div>\n\t\t<\/div>\n\t\t\t\t<div class=\"elementor-column elementor-col-50 elementor-inner-column elementor-element elementor-element-d39c22d\" data-id=\"d39c22d\" data-element_type=\"column\">\n\t\t\t<div class=\"elementor-widget-wrap elementor-element-populated\">\n\t\t\t\t\t\t<div class=\"elementor-element elementor-element-7065c08 elementor-position-left elementor-mobile-position-left elementor-view-default elementor-vertical-align-top elementor-widget elementor-widget-icon-box\" data-id=\"7065c08\" data-element_type=\"widget\" data-widget_type=\"icon-box.default\">\n\t\t\t\t<div class=\"elementor-widget-container\">\n\t\t\t\t\t\t\t<div class=\"elementor-icon-box-wrapper\">\n\n\t\t\t\t\t\t<div class=\"elementor-icon-box-icon\">\n\t\t\t\t<span  class=\"elementor-icon\">\n\t\t\t\t<svg aria-hidden=\"true\" class=\"e-font-icon-svg e-fas-envelope\" viewBox=\"0 0 512 512\" xmlns=\"http:\/\/www.w3.org\/2000\/svg\"><path d=\"M502.3 190.8c3.9-3.1 9.7-.2 9.7 4.7V400c0 26.5-21.5 48-48 48H48c-26.5 0-48-21.5-48-48V195.6c0-5 5.7-7.8 9.7-4.7 22.4 17.4 52.1 39.5 154.1 113.6 21.1 15.4 56.7 47.8 92.2 47.6 35.7.3 72-32.8 92.3-47.6 102-74.1 131.6-96.3 154-113.7zM256 320c23.2.4 56.6-29.2 73.4-41.4 132.7-96.3 142.8-104.7 173.4-128.7 5.8-4.5 9.2-11.5 9.2-18.9v-19c0-26.5-21.5-48-48-48H48C21.5 64 0 85.5 0 112v19c0 7.4 3.4 14.3 9.2 18.9 30.6 23.9 40.7 32.4 173.4 128.7 16.8 12.2 50.2 41.8 73.4 41.4z\"><\/path><\/svg>\t\t\t\t<\/span>\n\t\t\t<\/div>\n\t\t\t\n\t\t\t\t\t\t<div class=\"elementor-icon-box-content\">\n\n\t\t\t\t\t\t\t\t\t<h3 class=\"elementor-icon-box-title\">\n\t\t\t\t\t\t<span  >\n\t\t\t\t\t\t\tPar courriel\t\t\t\t\t\t<\/span>\n\t\t\t\t\t<\/h3>\n\t\t\t\t\n\t\t\t\t\t\t\t\t\t<p class=\"elementor-icon-box-description\">\n\t\t\t\t\t\tinfo@reparvitre.com\t\t\t\t\t<\/p>\n\t\t\t\t\n\t\t\t<\/div>\n\t\t\t\n\t\t<\/div>\n\t\t\t\t\t\t<\/div>\n\t\t\t\t<\/div>\n\t\t\t\t\t<\/div>\n\t\t<\/div>\n\t\t\t\t\t<\/div>\n\t\t<\/section>\n\t\t\t\t<div class=\"elementor-element elementor-element-4cedba8 elementor-widget elementor-widget-wpr-google-maps\" data-id=\"4cedba8\" data-element_type=\"widget\" data-widget_type=\"wpr-google-maps.default\">\n\t\t\t\t<div class=\"elementor-widget-container\">\n\t\t\t\t\t<div class=\"wpr-google-map\"  data-settings=\"{&quot;type&quot;:&quot;roadmap&quot;,&quot;style&quot;:&quot;custom&quot;,&quot;zoom_depth&quot;:10,&quot;zoom_on_scroll&quot;:&quot;yes&quot;,&quot;cluster_markers&quot;:&quot;yes&quot;,&quot;clusters_url&quot;:&quot;https:\\\/\\\/reparevitre.slmedias.dev\\\/wp-content\\\/plugins\\\/royal-elementor-addons\\\/assets\\\/js\\\/lib\\\/gmap\\\/clusters\\\/m&quot;,&quot;custom_style&quot;:&quot;[{\\u0022featureType\\u0022:\\u0022all\\u0022,\\u0022elementType\\u0022:\\u0022labels\\u0022,\\u0022stylers\\u0022:[{\\u0022visibility\\u0022:\\u0022on\\u0022}]},{\\u0022featureType\\u0022:\\u0022all\\u0022,\\u0022elementType\\u0022:\\u0022labels.text.fill\\u0022,\\u0022stylers\\u0022:[{\\u0022saturation\\u0022:36},{\\u0022color\\u0022:\\u0022#000000\\u0022},{\\u0022lightness\\u0022:40}]},{\\u0022featureType\\u0022:\\u0022all\\u0022,\\u0022elementType\\u0022:\\u0022labels.text.stroke\\u0022,\\u0022stylers\\u0022:[{\\u0022visibility\\u0022:\\u0022on\\u0022},{\\u0022color\\u0022:\\u0022#000000\\u0022},{\\u0022lightness\\u0022:16}]},{\\u0022featureType\\u0022:\\u0022all\\u0022,\\u0022elementType\\u0022:\\u0022labels.icon\\u0022,\\u0022stylers\\u0022:[{\\u0022visibility\\u0022:\\u0022off\\u0022}]},{\\u0022featureType\\u0022:\\u0022administrative\\u0022,\\u0022elementType\\u0022:\\u0022geometry.fill\\u0022,\\u0022stylers\\u0022:[{\\u0022color\\u0022:\\u0022#000000\\u0022},{\\u0022lightness\\u0022:20}]},{\\u0022featureType\\u0022:\\u0022administrative\\u0022,\\u0022elementType\\u0022:\\u0022geometry.stroke\\u0022,\\u0022stylers\\u0022:[{\\u0022color\\u0022:\\u0022#000000\\u0022},{\\u0022lightness\\u0022:17},{\\u0022weight\\u0022:1.2}]},{\\u0022featureType\\u0022:\\u0022administrative.locality\\u0022,\\u0022elementType\\u0022:\\u0022labels.text.fill\\u0022,\\u0022stylers\\u0022:[{\\u0022color\\u0022:\\u0022#c4c4c4\\u0022}]},{\\u0022featureType\\u0022:\\u0022administrative.neighborhood\\u0022,\\u0022elementType\\u0022:\\u0022labels.text.fill\\u0022,\\u0022stylers\\u0022:[{\\u0022color\\u0022:\\u0022#707070\\u0022}]},{\\u0022featureType\\u0022:\\u0022landscape\\u0022,\\u0022elementType\\u0022:\\u0022geometry\\u0022,\\u0022stylers\\u0022:[{\\u0022color\\u0022:\\u0022#000000\\u0022},{\\u0022lightness\\u0022:20}]},{\\u0022featureType\\u0022:\\u0022poi\\u0022,\\u0022elementType\\u0022:\\u0022geometry\\u0022,\\u0022stylers\\u0022:[{\\u0022color\\u0022:\\u0022#000000\\u0022},{\\u0022lightness\\u0022:21},{\\u0022visibility\\u0022:\\u0022on\\u0022}]},{\\u0022featureType\\u0022:\\u0022poi.business\\u0022,\\u0022elementType\\u0022:\\u0022geometry\\u0022,\\u0022stylers\\u0022:[{\\u0022visibility\\u0022:\\u0022on\\u0022}]},{\\u0022featureType\\u0022:\\u0022road.highway\\u0022,\\u0022elementType\\u0022:\\u0022geometry.fill\\u0022,\\u0022stylers\\u0022:[{\\u0022color\\u0022:\\u0022#575757\\u0022},{\\u0022lightness\\u0022:\\u00220\\u0022},{\\u0022visibility\\u0022:\\u0022on\\u0022}]},{\\u0022featureType\\u0022:\\u0022road.highway\\u0022,\\u0022elementType\\u0022:\\u0022geometry.stroke\\u0022,\\u0022stylers\\u0022:[{\\u0022visibility\\u0022:\\u0022off\\u0022}]},{\\u0022featureType\\u0022:\\u0022road.highway\\u0022,\\u0022elementType\\u0022:\\u0022labels.text.fill\\u0022,\\u0022stylers\\u0022:[{\\u0022visibility\\u0022:\\u0022off\\u0022}]},{\\u0022featureType\\u0022:\\u0022road.highway\\u0022,\\u0022elementType\\u0022:\\u0022labels.text.stroke\\u0022,\\u0022stylers\\u0022:[{\\u0022color\\u0022:\\u0022#7398ff\\u0022}]},{\\u0022featureType\\u0022:\\u0022road.arterial\\u0022,\\u0022elementType\\u0022:\\u0022geometry\\u0022,\\u0022stylers\\u0022:[{\\u0022color\\u0022:\\u0022#000000\\u0022},{\\u0022lightness\\u0022:18}]},{\\u0022featureType\\u0022:\\u0022road.arterial\\u0022,\\u0022elementType\\u0022:\\u0022geometry.fill\\u0022,\\u0022stylers\\u0022:[{\\u0022color\\u0022:\\u0022#575757\\u0022}]},{\\u0022featureType\\u0022:\\u0022road.arterial\\u0022,\\u0022elementType\\u0022:\\u0022labels.text.fill\\u0022,\\u0022stylers\\u0022:[{\\u0022color\\u0022:\\u0022#ffffff\\u0022}]},{\\u0022featureType\\u0022:\\u0022road.arterial\\u0022,\\u0022elementType\\u0022:\\u0022labels.text.stroke\\u0022,\\u0022stylers\\u0022:[{\\u0022color\\u0022:\\u0022#2c2c2c\\u0022}]},{\\u0022featureType\\u0022:\\u0022road.local\\u0022,\\u0022elementType\\u0022:\\u0022geometry\\u0022,\\u0022stylers\\u0022:[{\\u0022color\\u0022:\\u0022#000000\\u0022},{\\u0022lightness\\u0022:16}]},{\\u0022featureType\\u0022:\\u0022road.local\\u0022,\\u0022elementType\\u0022:\\u0022labels.text.fill\\u0022,\\u0022stylers\\u0022:[{\\u0022color\\u0022:\\u0022#999999\\u0022}]},{\\u0022featureType\\u0022:\\u0022road.local\\u0022,\\u0022elementType\\u0022:\\u0022labels.text.stroke\\u0022,\\u0022stylers\\u0022:[{\\u0022saturation\\u0022:\\u0022-52\\u0022}]},{\\u0022featureType\\u0022:\\u0022transit\\u0022,\\u0022elementType\\u0022:\\u0022geometry\\u0022,\\u0022stylers\\u0022:[{\\u0022color\\u0022:\\u0022#000000\\u0022},{\\u0022lightness\\u0022:19}]},{\\u0022featureType\\u0022:\\u0022water\\u0022,\\u0022elementType\\u0022:\\u0022geometry\\u0022,\\u0022stylers\\u0022:[{\\u0022color\\u0022:\\u0022#171719\\u0022},{\\u0022weight\\u0022:\\u00220\\u0022}]}]&quot;}\" data-locations=\"[{&quot;gm_location_title&quot;:&quot;Central Park, New York, USA&quot;,&quot;gm_latitude&quot;:&quot;40.782864&quot;,&quot;gm_longtitude&quot;:&quot;-73.965355&quot;,&quot;_id&quot;:&quot;356eb9a&quot;,&quot;gm_show_info_window&quot;:&quot;none&quot;,&quot;gm_location_description&quot;:&quot;&quot;,&quot;gm_info_window_width&quot;:{&quot;unit&quot;:&quot;px&quot;,&quot;size&quot;:300,&quot;sizes&quot;:[]},&quot;gm_marker_animation&quot;:&quot;none&quot;,&quot;gm_custom_marker&quot;:&quot;&quot;,&quot;gm_marker_icon&quot;:{&quot;url&quot;:&quot;&quot;,&quot;id&quot;:&quot;&quot;,&quot;size&quot;:&quot;&quot;},&quot;gm_marker_icon_size_width&quot;:{&quot;unit&quot;:&quot;px&quot;,&quot;size&quot;:35,&quot;sizes&quot;:[]},&quot;gm_marker_icon_size_height&quot;:{&quot;unit&quot;:&quot;px&quot;,&quot;size&quot;:35,&quot;sizes&quot;:[]}}]\" data-controls=\"{&quot;type&quot;:&quot;&quot;,&quot;fullscreen&quot;:&quot;&quot;,&quot;zoom&quot;:&quot;&quot;,&quot;streetview&quot;:&quot;&quot;}\"><\/div>\t\t\t\t<\/div>\n\t\t\t\t<\/div>\n\t\t\t\t\t<\/div>\n\t\t<\/div>\n\t\t\t\t<div class=\"elementor-column elementor-col-50 elementor-top-column elementor-element elementor-element-c26ef54\" data-id=\"c26ef54\" data-element_type=\"column\" data-settings=\"{&quot;background_background&quot;:&quot;classic&quot;}\">\n\t\t\t<div class=\"elementor-widget-wrap elementor-element-populated\">\n\t\t\t\t\t\t<div class=\"elementor-element elementor-element-9784342 wpr-step-type-number_text wpr-step-content-layout-vertical wpr-custom-styles-yes elementor-widget elementor-widget-wpr-form-builder\" data-id=\"9784342\" data-element_type=\"widget\" data-settings=\"{&quot;success_message&quot;:&quot;Submission successful&quot;,&quot;error_message&quot;:&quot;Submission failed&quot;,&quot;button_width&quot;:{&quot;unit&quot;:&quot;%&quot;,&quot;size&quot;:100,&quot;sizes&quot;:[]},&quot;button_width_tablet&quot;:{&quot;unit&quot;:&quot;px&quot;,&quot;size&quot;:&quot;&quot;,&quot;sizes&quot;:[]},&quot;button_width_mobile&quot;:{&quot;unit&quot;:&quot;px&quot;,&quot;size&quot;:&quot;&quot;,&quot;sizes&quot;:[]},&quot;step_type&quot;:&quot;number_text&quot;,&quot;step_content_layout&quot;:&quot;vertical&quot;}\" data-widget_type=\"wpr-form-builder.default\">\n\t\t\t\t<div class=\"elementor-widget-container\">\n\t\t\t\t\t\t\t<form class=\"wpr-form\" method=\"post\" name=\"New Form\" page=\"Contact\" page_id=\"27\" novalidate>\n\t\t\t<input type=\"hidden\" name=\"post_id\" value=\"27\"\/>\n\t\t\t<input type=\"hidden\" name=\"form_id\" value=\"9784342\"\/>\n\t\t\t<input type=\"hidden\" name=\"referer_title\" value=\"\" \/>\n\n\t\t\t<div class=\"wpr-step-wrap\"><\/div>\n\t\t\t<div class=\"wpr-form-fields-wrap wpr-labels-above\">\n\t\t\t\t\t\t\t\t\t<div class=\"wpr-form-field-type-date wpr-field-group wpr-column wpr-field-group-7b483ec elementor-repeater-item-7b483ec\">\n\t\t\t\t\t\t\t\t\t\t\t\t\t\t<label for=\"form-field-7b483ec\" class=\"wpr-form-field-label\">\n\t\t\t\t\t\t\t\t\tDate\t\t\t\t\t\t\t\t<\/label>\n\t\t\t\t\t\t\t<input size=\"1 \"type=\"date\" name=\"form_fields[7b483ec]\" id=\"form-field-7b483ec\" class=\"wpr-form-field  wpr-form-field-textual\">\t\t\t\t\t<\/div>\n\t\t\t\t\t\t\t\t\t<div class=\"wpr-form-field-type-time wpr-field-group wpr-column wpr-field-group-ec61a81 elementor-repeater-item-ec61a81\">\n\t\t\t\t\t\t\t\t\t\t\t\t\t\t<label for=\"form-field-ec61a81\" class=\"wpr-form-field-label\">\n\t\t\t\t\t\t\t\t\tTime\t\t\t\t\t\t\t\t<\/label>\n\t\t\t\t\t\t\t<input size=\"1 \"type=\"time\" name=\"form_fields[ec61a81]\" id=\"form-field-ec61a81\" class=\"wpr-form-field  wpr-form-field-textual\">\t\t\t\t\t<\/div>\n\t\t\t\t\t\t\t\t\t<div class=\"wpr-form-field-type-textarea wpr-field-group wpr-column wpr-field-group-message elementor-repeater-item-fd632e9\">\n\t\t\t\t\t\t\t\t\t\t\t\t\t\t<label for=\"form-field-message\" class=\"wpr-form-field-label\">\n\t\t\t\t\t\t\t\t\tYour Message\t\t\t\t\t\t\t\t<\/label>\n\t\t\t\t\t\t\t<textarea class=\"wpr-form-field-textual wpr-form-field \" name=\"form_fields[message]\" id=\"form-field-message\" rows=\"7\"><\/textarea>\t\t\t\t\t<\/div>\n\t\t\t\t<div class=\"wpr-field-group wpr-stp-btns-wrap wpr-column wpr-form-field-type-submit\" data-actions=\"[&quot;email&quot;]\" data-redirect-url=\"\" data-mailchimp-fields=\"{&quot;email_field&quot;:&quot;&quot;,&quot;first_name_field&quot;:&quot;&quot;,&quot;last_name_field&quot;:&quot;&quot;,&quot;address_field&quot;:&quot;&quot;,&quot;phone_field&quot;:&quot;&quot;,&quot;birthday_field&quot;:&quot;&quot;,&quot;group_id&quot;:&quot;&quot;}\" data-list-id=\"\">\t\t\t<button type=\"submit\" class=\"wpr-button\">\n\t\t\t\t<span >\n\t\t\t\t\t\t\t\t\t\t\t\t\t\t\t\t<span>Envoyer<\/span>\n\t\t\t\t\t\t\t\t\t\t\t\t\t\t<\/span>\t\n\t\t\t\t<div class=\"wpr-double-bounce wpr-loader-hidden\">\n\t\t\t\t\t<div class=\"wpr-child wpr-double-bounce1\"><\/div>\n\t\t\t\t\t<div class=\"wpr-child wpr-double-bounce2\"><\/div>\n\t\t\t\t<\/div>\n\t\t\t<\/button>\n\t\t<\/div>\t\t\t\t\n\t\t\t<\/div>\n\t\t<\/form>\n\t  \t\t\t\t<\/div>\n\t\t\t\t<\/div>\n\t\t\t\t\t<\/div>\n\t\t<\/div>\n\t\t\t\t\t<\/div>\n\t\t<\/section>\n\t\t\t\t<\/div>\n\t\t","protected":false},"excerpt":{"rendered":"<p>Contact Nous contacter POUR PLUS D\u2019INFORMATIONS CONTACTEZ-MOI! Fort d\u2019un exp\u00e9rience de plus de 45 ann\u00e9es dans le domaine de la vitre d\u2019autos, M. R\u00e9al Daigle s\u2019est donn\u00e9 comme mission de promouvoir la franchise\u00a0R\u00c9PAREVITRE\u00a0(marque d\u00e9pos\u00e9e qu\u00e9b\u00e9coise de CRACKMASTER Canada) \u00e0 travers la province de Qu\u00e9bec. SA DEVISE:\u00a0r\u00e9parer avant de remplacer. SA PRIORIT\u00c9:\u00a0s\u2019assurer que tous les franchis\u00e9s r\u00e9pondent \u00e0 un tr\u00e8s haut standard de qualit\u00e9. Ciblant des sp\u00e9cialistes dans le march\u00e9 de l\u2019automobile, M. Daigle entend faire de\u00a0R\u00c9PAREVITRE\u00a0le plus important r\u00e9seau de sp\u00e9cialistes en r\u00e9paration et remplacement de pare-brise au Qu\u00e9bec. Besoin d\u2019informations suppl\u00e9mentaires sur la franchise\u00a0R\u00c9PAREVITRE? Contactez-moi il me fera plaisir de vous r\u00e9pondre. Par t\u00e9l\u00e9phone (418) 572-6514 Par courriel info@reparvitre.com Please go to plugin Settings and Insert Google Map API Key in order to make Google Maps work Date Time Your Message Envoyer<\/p>\n","protected":false},"author":1,"featured_media":0,"parent":0,"menu_order":0,"comment_status":"closed","ping_status":"closed","template":"elementor_canvas","meta":{"footnotes":""},"class_list":["post-27","page","type-page","status-publish","hentry"],"_links":{"self":[{"href":"https:\/\/reparevitre.slmedias.dev\/index.php?rest_route=\/wp\/v2\/pages\/27","targetHints":{"allow":["GET"]}}],"collection":[{"href":"https:\/\/reparevitre.slmedias.dev\/index.php?rest_route=\/wp\/v2\/pages"}],"about":[{"href":"https:\/\/reparevitre.slmedias.dev\/index.php?rest_route=\/wp\/v2\/types\/page"}],"author":[{"embeddable":true,"href":"https:\/\/reparevitre.slmedias.dev\/index.php?rest_route=\/wp\/v2\/users\/1"}],"replies":[{"embeddable":true,"href":"https:\/\/reparevitre.slmedias.dev\/index.php?rest_route=%2Fwp%2Fv2%2Fcomments&post=27"}],"version-history":[{"count":9,"href":"https:\/\/reparevitre.slmedias.dev\/index.php?rest_route=\/wp\/v2\/pages\/27\/revisions"}],"predecessor-version":[{"id":716,"href":"https:\/\/reparevitre.slmedias.dev\/index.php?rest_route=\/wp\/v2\/pages\/27\/revisions\/716"}],"wp:attachment":[{"href":"https:\/\/reparevitre.slmedias.dev\/index.php?rest_route=%2Fwp%2Fv2%2Fmedia&parent=27"}],"curies":[{"name":"wp","href":"https:\/\/api.w.org\/{rel}","templated":true}]}}